{"id":11,"date":"2019-05-03T09:09:05","date_gmt":"2019-05-03T09:09:05","guid":{"rendered":"https:\/\/psicologorubiera.es\/sexologo-psicologo-madrid\/?page_id=11"},"modified":"2019-05-09T12:58:22","modified_gmt":"2019-05-09T12:58:22","slug":"servicio-sexologia","status":"publish","type":"page","link":"https:\/\/psicologorubiera.es\/sexologo-psicologo-madrid\/servicio-sexologia\/","title":{"rendered":"Servicio Sexolog\u00eda"},"content":{"rendered":"\t\t<div data-elementor-type=\"wp-post\" data-elementor-id=\"11\" class=\"elementor elementor-11\" data-elementor-settings=\"[]\">\n\t\t\t\t\t\t<div class=\"elementor-inner\">\n\t\t\t\t\t\t\t<div class=\"elementor-section-wrap\">\n\t\t\t\t\t\t\t<section class=\"elementor-section elementor-top-section elementor-element elementor-element-533a7ba elementor-section-boxed elementor-section-height-default elementor-section-height-default\" data-id=\"533a7ba\" data-element_type=\"section\">\n\t\t\t\t\t\t<div class=\"elementor-container elementor-column-gap-default\">\n\t\t\t\t\t\t\t<div class=\"elementor-row\">\n\t\t\t\t\t<div class=\"elementor-column elementor-col-100 elementor-top-column elementor-element elementor-element-f7f1da6\" data-id=\"f7f1da6\" data-element_type=\"column\">\n\t\t\t<div class=\"elementor-column-wrap elementor-element-populated\">\n\t\t\t\t\t\t\t<div class=\"elementor-widget-wrap\">\n\t\t\t\t\t\t<div class=\"elementor-element elementor-element-dcab59a elementor-widget elementor-widget-text-editor\" data-id=\"dcab59a\" data-element_type=\"widget\" data-widget_type=\"text-editor.default\">\n\t\t\t\t<div class=\"elementor-widget-container\">\n\t\t\t\t\t\t\t\t<div class=\"elementor-text-editor elementor-clearfix\">\n\t\t\t\t<p>La terapia sexual se centra en el estudio, comprensi\u00f3n y cultivo del sexo como valor de cada uno en referencia al otro. El marco de la terapia puede ser tanto individual como en pareja y para ello es necesario la ayuda de un sex\u00f3logo profesional.<\/p>\n<p><!-- \/wp:paragraph --><!-- wp:paragraph --><\/p>\n<p>La <strong>terapia sexual individual<\/strong> tiene como objeto principal el asesoramiento en las dificultades sexuales en el proceso de la identidad sexual, la orientaci\u00f3n del deseo y las formas de relacionarse con los otros. Para ello, nos vamos a centrar en la biograf\u00eda del sujeto para entender el proceso de sexuaci\u00f3n que lo ha llevado al momento actual, y de ah\u00ed superar las dificultades y las dudas que se presentan. Las m\u00e1s frecuentes son:<\/p>\t\t\t\t\t<\/div>\n\t\t\t\t\t\t<\/div>\n\t\t\t\t<\/div>\n\t\t\t\t\t\t<\/div>\n\t\t\t\t\t<\/div>\n\t\t<\/div>\n\t\t\t\t\t\t\t\t<\/div>\n\t\t\t\t\t<\/div>\n\t\t<\/section>\n\t\t\t\t<section class=\"elementor-section elementor-top-section elementor-element elementor-element-4b93031 elementor-section-boxed elementor-section-height-default elementor-section-height-default\" data-id=\"4b93031\" data-element_type=\"section\">\n\t\t\t\t\t\t<div class=\"elementor-container elementor-column-gap-default\">\n\t\t\t\t\t\t\t<div class=\"elementor-row\">\n\t\t\t\t\t<div class=\"elementor-column elementor-col-66 elementor-top-column elementor-element elementor-element-9fb7c76\" data-id=\"9fb7c76\" data-element_type=\"column\">\n\t\t\t<div class=\"elementor-column-wrap elementor-element-populated\">\n\t\t\t\t\t\t\t<div class=\"elementor-widget-wrap\">\n\t\t\t\t\t\t<div class=\"elementor-element elementor-element-daee38a elementor-widget elementor-widget-text-editor\" data-id=\"daee38a\" data-element_type=\"widget\" data-widget_type=\"text-editor.default\">\n\t\t\t\t<div class=\"elementor-widget-container\">\n\t\t\t\t\t\t\t\t<div class=\"elementor-text-editor elementor-clearfix\">\n\t\t\t\t<ul>\n<li>Identidad y transexualidad<\/li>\n<li>Orientaci\u00f3n del deseo<\/li>\n<li>Peculiaridades er\u00f3ticas como, por ejemplo, el fetichismo o el BDSM<\/li>\n<li>Cambios vitales como la pubertad, la maternidad o la vejez<\/li>\n<li>Formas adaptadas de iniciar, mantener o, en \u00faltima instancia, romper una relaci\u00f3n<\/li>\n<li>Convivencia, comunicaci\u00f3n, celos y control de la ira<\/li>\n<li>Diferencias en la pareja: expectativas, ritmos, deseos er\u00f3ticos, formas de expresi\u00f3n<\/li>\n<li>Cambios en la pareja: maternidad, esterilidad, fecundaci\u00f3n asistida, enfermedad f\u00edsica.<\/li>\n<\/ul>\t\t\t\t\t<\/div>\n\t\t\t\t\t\t<\/div>\n\t\t\t\t<\/div>\n\t\t\t\t\t\t<\/div>\n\t\t\t\t\t<\/div>\n\t\t<\/div>\n\t\t\t\t<div class=\"elementor-column elementor-col-33 elementor-top-column elementor-element elementor-element-b634f16\" data-id=\"b634f16\" data-element_type=\"column\">\n\t\t\t<div class=\"elementor-column-wrap elementor-element-populated\">\n\t\t\t\t\t\t\t<div class=\"elementor-widget-wrap\">\n\t\t\t\t\t\t<div class=\"elementor-element elementor-element-d5e67a2 elementor-widget elementor-widget-image\" data-id=\"d5e67a2\" data-element_type=\"widget\" data-widget_type=\"image.default\">\n\t\t\t\t<div class=\"elementor-widget-container\">\n\t\t\t\t\t\t\t\t<div class=\"elementor-image\">\n\t\t\t\t\t\t\t\t\t\t\t\t<img decoding=\"async\" width=\"800\" height=\"533\" src=\"https:\/\/psicologorubiera.es\/sexologo-psicologo-madrid\/wp-content\/uploads\/2019\/05\/identidad-orientacion-sexual-celos.jpg\" class=\"attachment-full size-full\" alt=\"\" loading=\"lazy\" srcset=\"https:\/\/psicologorubiera.es\/sexologo-psicologo-madrid\/wp-content\/uploads\/2019\/05\/identidad-orientacion-sexual-celos.jpg 800w, https:\/\/psicologorubiera.es\/sexologo-psicologo-madrid\/wp-content\/uploads\/2019\/05\/identidad-orientacion-sexual-celos-768x512.jpg 768w, https:\/\/psicologorubiera.es\/sexologo-psicologo-madrid\/wp-content\/uploads\/2019\/05\/identidad-orientacion-sexual-celos-615x410.jpg 615w\" sizes=\"(max-width: 800px) 100vw, 800px\" \/>\t\t\t\t\t\t\t\t\t\t\t\t\t\t<\/div>\n\t\t\t\t\t\t<\/div>\n\t\t\t\t<\/div>\n\t\t\t\t\t\t<\/div>\n\t\t\t\t\t<\/div>\n\t\t<\/div>\n\t\t\t\t\t\t\t\t<\/div>\n\t\t\t\t\t<\/div>\n\t\t<\/section>\n\t\t\t\t<section class=\"elementor-section elementor-top-section elementor-element elementor-element-b91c979 elementor-section-boxed elementor-section-height-default elementor-section-height-default\" data-id=\"b91c979\" data-element_type=\"section\">\n\t\t\t\t\t\t<div class=\"elementor-container elementor-column-gap-default\">\n\t\t\t\t\t\t\t<div class=\"elementor-row\">\n\t\t\t\t\t<div class=\"elementor-column elementor-col-100 elementor-top-column elementor-element elementor-element-58b08b0\" data-id=\"58b08b0\" data-element_type=\"column\">\n\t\t\t<div class=\"elementor-column-wrap elementor-element-populated\">\n\t\t\t\t\t\t\t<div class=\"elementor-widget-wrap\">\n\t\t\t\t\t\t<div class=\"elementor-element elementor-element-62381a9 elementor-widget elementor-widget-text-editor\" data-id=\"62381a9\" data-element_type=\"widget\" data-widget_type=\"text-editor.default\">\n\t\t\t\t<div class=\"elementor-widget-container\">\n\t\t\t\t\t\t\t\t<div class=\"elementor-text-editor elementor-clearfix\">\n\t\t\t\t<p>La <strong>terapia sexual en pareja<\/strong> se centra en la relaci\u00f3n sexual de los dos miembros y, por lo tanto, es la relaci\u00f3n la que recibe el tratamiento. El arte de amarse de la pareja es el marco te\u00f3rico de la terapia sexual. Para entender la respuesta sexual humana nos detenemos en el esquema D.E.M.O.R., que explica las diferentes fases por las que pasa dicha respuesta y sus consecuentes dificultades:<\/p>\n<p><!-- \/wp:paragraph --><!-- wp:paragraph --><\/p>\n<p>1) <strong>DESEO<\/strong>: los sujetos se atraen, se desean y se eligen. La principal dificultad que nos encontramos en una pareja de larga duraci\u00f3n es la <strong>falta de deseo y la pereza sexual<\/strong>.<\/p>\n<p><!-- \/wp:paragraph --><!-- wp:paragraph --><\/p>\n<p>2) <strong>EXCITACI\u00d3N<\/strong>: las obligaciones en el deseo generan actuaciones artificiales y ansiedades por tener un buen rendimiento en la cama. La l\u00f3gica del deseo no entiende de obligaciones ni rendimientos y, por ello, la principal dificultad es la relacionada con <strong>la falta de erecci\u00f3n y lubricaci\u00f3n<\/strong>.<\/p>\n<p><!-- \/wp:paragraph --><!-- wp:paragraph --><\/p>\n<p>3) <strong>MESETA<\/strong>: duraci\u00f3n de la excitaci\u00f3n, donde con frecuencia se perciben diferencias en el ritmo de los dos miembros.<\/p>\n<p><!-- \/wp:paragraph --><!-- wp:paragraph --><\/p>\n<p>4) <strong>ORGASMO<\/strong>: la presi\u00f3n por alcanzarlo problematiza la relaci\u00f3n y nos aleja del goce. Los problemas en esta fase son la<strong> falta de control eyaculatorio <\/strong>o eyaculaci\u00f3n precoz y la<strong> anorgasmia<\/strong> o la dificultad para alcanzar el orgasmo.<\/p>\n<p><!-- \/wp:paragraph --><!-- wp:paragraph --><\/p>\n<p>5) <strong>RESOLUCI\u00d3N<\/strong>: la insatisfacci\u00f3n tras el fin del encuentro genera dificultades.<\/p>\t\t\t\t\t<\/div>\n\t\t\t\t\t\t<\/div>\n\t\t\t\t<\/div>\n\t\t\t\t\t\t<\/div>\n\t\t\t\t\t<\/div>\n\t\t<\/div>\n\t\t\t\t\t\t\t\t<\/div>\n\t\t\t\t\t<\/div>\n\t\t<\/section>\n\t\t\t\t\t\t<\/div>\n\t\t\t\t\t\t<\/div>\n\t\t\t\t\t<\/div>\n\t\t","protected":false},"excerpt":{"rendered":"<p>La terapia sexual se centra en el estudio, comprensi\u00f3n y cultivo del sexo como valor de cada uno en referencia al otro. El marco de la terapia puede ser tanto individual como en pareja y para ello es necesario la ayuda de un sex\u00f3logo profesional. La terapia sexual individual tiene como objeto principal el asesoramiento [&hellip;]<\/p>\n","protected":false},"author":1,"featured_media":0,"parent":0,"menu_order":0,"comment_status":"closed","ping_status":"closed","template":"","meta":[],"_links":{"self":[{"href":"https:\/\/psicologorubiera.es\/sexologo-psicologo-madrid\/wp-json\/wp\/v2\/pages\/11"}],"collection":[{"href":"https:\/\/psicologorubiera.es\/sexologo-psicologo-madrid\/wp-json\/wp\/v2\/pages"}],"about":[{"href":"https:\/\/psicologorubiera.es\/sexologo-psicologo-madrid\/wp-json\/wp\/v2\/types\/page"}],"author":[{"embeddable":true,"href":"https:\/\/psicologorubiera.es\/sexologo-psicologo-madrid\/wp-json\/wp\/v2\/users\/1"}],"replies":[{"embeddable":true,"href":"https:\/\/psicologorubiera.es\/sexologo-psicologo-madrid\/wp-json\/wp\/v2\/comments?post=11"}],"version-history":[{"count":0,"href":"https:\/\/psicologorubiera.es\/sexologo-psicologo-madrid\/wp-json\/wp\/v2\/pages\/11\/revisions"}],"wp:attachment":[{"href":"https:\/\/psicologorubiera.es\/sexologo-psicologo-madrid\/wp-json\/wp\/v2\/media?parent=11"}],"curies":[{"name":"wp","href":"https:\/\/api.w.org\/{rel}","templated":true}]}}