{"id":13,"date":"2019-05-03T09:09:25","date_gmt":"2019-05-03T09:09:25","guid":{"rendered":"https:\/\/psicologorubiera.es\/sexologo-psicologo-madrid\/?page_id=13"},"modified":"2019-05-09T06:47:46","modified_gmt":"2019-05-09T06:47:46","slug":"terapia-de-pareja","status":"publish","type":"page","link":"https:\/\/psicologorubiera.es\/sexologo-psicologo-madrid\/terapia-de-pareja\/","title":{"rendered":"Terapia de Pareja"},"content":{"rendered":"\t\t<div data-elementor-type=\"wp-post\" data-elementor-id=\"13\" class=\"elementor elementor-13\" data-elementor-settings=\"[]\">\n\t\t\t\t\t\t<div class=\"elementor-inner\">\n\t\t\t\t\t\t\t<div class=\"elementor-section-wrap\">\n\t\t\t\t\t\t\t<section class=\"elementor-section elementor-top-section elementor-element elementor-element-3b4b996 elementor-section-boxed elementor-section-height-default elementor-section-height-default\" data-id=\"3b4b996\" data-element_type=\"section\">\n\t\t\t\t\t\t<div class=\"elementor-container elementor-column-gap-default\">\n\t\t\t\t\t\t\t<div class=\"elementor-row\">\n\t\t\t\t\t<div class=\"elementor-column elementor-col-66 elementor-top-column elementor-element elementor-element-713816c\" data-id=\"713816c\" data-element_type=\"column\">\n\t\t\t<div class=\"elementor-column-wrap elementor-element-populated\">\n\t\t\t\t\t\t\t<div class=\"elementor-widget-wrap\">\n\t\t\t\t\t\t<div class=\"elementor-element elementor-element-e17d0e9 elementor-widget elementor-widget-text-editor\" data-id=\"e17d0e9\" data-element_type=\"widget\" data-widget_type=\"text-editor.default\">\n\t\t\t\t<div class=\"elementor-widget-container\">\n\t\t\t\t\t\t\t\t<div class=\"elementor-text-editor elementor-clearfix\">\n\t\t\t\t<p>Con m\u00e1s de cinco a\u00f1os de experiencia como <strong>terapeuta <\/strong>de una gran diversidad de <strong>parejas<\/strong>, en <strong>Psic\u00f3logo Rubiera<\/strong> ofrecemos terapia para ayudar a las parejas a reinventarse para mejorar su <strong>comunicaci\u00f3n <\/strong>e <strong>intimidad <\/strong>y redescubrir la er\u00f3tica perdida.<\/p>\n<p>La <strong>pareja <\/strong>se trabaja de manera <strong>conjunta <\/strong>entre los dos <strong>miembros<\/strong>, por eso desde aqu\u00ed nos esforzamos por conseguir la m\u00e1xima <strong>implicaci\u00f3n <\/strong>de ambas partes. Lo m\u00e1s importante es justamente el deseo de querer <strong>seguir juntos<\/strong>, que es lo que mantiene esa <strong>pareja <\/strong>a flote y lo que la lleva a <strong>consultar <\/strong>al <strong>psic\u00f3logo <\/strong>y\/o <strong>sex\u00f3logo<\/strong>, con el fin de construir en la relaci\u00f3n hacia encuentros <strong>satisfactorios <\/strong>y <strong>agradables<\/strong>. Partiendo del deseo de estar el uno con el otro, se van solucionando dificultades de diferente \u00edndole, ya sean los celos, las infidelidades o problemas familiares. De esta manera, lo que se gana siempre es m\u00e1s que lo que se pierde.<\/p>\n<p>Al finalizar la primera sesi\u00f3n se har\u00e1 una devoluci\u00f3n de las dificultades desde un punto vista relacional. Reflejar qu\u00e9 est\u00e1 impidiendo una intimidad agradable de estar el uno con el otro puede ser el comienzo de la soluci\u00f3n. Aqu\u00ed no hay culpables, ni uno ni otro, sino que es la relaci\u00f3n la que tiene la dificultad para encontrar la mejor v\u00eda para estar juntos. Observar los motivos del mal funcionamiento de la pareja permite desde el inicio generar un cambio. En cada sesi\u00f3n se mandan tareas a las dos partes para que las realicen fuera de consulta: as\u00ed, el cambio se consigue con m\u00e1s velocidad y solidez. A medida que se logra la mejor\u00eda en la relaci\u00f3n, la pareja va recuperando su bienestar y se sigue trabajando en mantener los cambios para prevenir reca\u00eddas.<\/p>\t\t\t\t\t<\/div>\n\t\t\t\t\t\t<\/div>\n\t\t\t\t<\/div>\n\t\t\t\t\t\t<\/div>\n\t\t\t\t\t<\/div>\n\t\t<\/div>\n\t\t\t\t<div class=\"elementor-column elementor-col-33 elementor-top-column elementor-element elementor-element-1234b03\" data-id=\"1234b03\" data-element_type=\"column\">\n\t\t\t<div class=\"elementor-column-wrap elementor-element-populated\">\n\t\t\t\t\t\t\t<div class=\"elementor-widget-wrap\">\n\t\t\t\t\t\t<div class=\"elementor-element elementor-element-94058be elementor-widget elementor-widget-image\" data-id=\"94058be\" data-element_type=\"widget\" data-widget_type=\"image.default\">\n\t\t\t\t<div class=\"elementor-widget-container\">\n\t\t\t\t\t\t\t\t<div class=\"elementor-image\">\n\t\t\t\t\t\t\t\t\t\t\t\t<img decoding=\"async\" width=\"800\" height=\"534\" src=\"https:\/\/psicologorubiera.es\/sexologo-psicologo-madrid\/wp-content\/uploads\/2019\/05\/terapia-pareja-solucion-problema.jpg\" class=\"attachment-large size-large\" alt=\"\" loading=\"lazy\" srcset=\"https:\/\/psicologorubiera.es\/sexologo-psicologo-madrid\/wp-content\/uploads\/2019\/05\/terapia-pareja-solucion-problema.jpg 800w, https:\/\/psicologorubiera.es\/sexologo-psicologo-madrid\/wp-content\/uploads\/2019\/05\/terapia-pareja-solucion-problema-768x513.jpg 768w, https:\/\/psicologorubiera.es\/sexologo-psicologo-madrid\/wp-content\/uploads\/2019\/05\/terapia-pareja-solucion-problema-615x411.jpg 615w\" sizes=\"(max-width: 800px) 100vw, 800px\" \/>\t\t\t\t\t\t\t\t\t\t\t\t\t\t<\/div>\n\t\t\t\t\t\t<\/div>\n\t\t\t\t<\/div>\n\t\t\t\t\t\t<\/div>\n\t\t\t\t\t<\/div>\n\t\t<\/div>\n\t\t\t\t\t\t\t\t<\/div>\n\t\t\t\t\t<\/div>\n\t\t<\/section>\n\t\t\t\t\t\t<\/div>\n\t\t\t\t\t\t<\/div>\n\t\t\t\t\t<\/div>\n\t\t","protected":false},"excerpt":{"rendered":"<p>Con m\u00e1s de cinco a\u00f1os de experiencia como terapeuta de una gran diversidad de parejas, en Psic\u00f3logo Rubiera ofrecemos terapia para ayudar a las parejas a reinventarse para mejorar su comunicaci\u00f3n e intimidad y redescubrir la er\u00f3tica perdida. La pareja se trabaja de manera conjunta entre los dos miembros, por eso desde aqu\u00ed nos esforzamos [&hellip;]<\/p>\n","protected":false},"author":1,"featured_media":0,"parent":0,"menu_order":0,"comment_status":"closed","ping_status":"closed","template":"","meta":[],"_links":{"self":[{"href":"https:\/\/psicologorubiera.es\/sexologo-psicologo-madrid\/wp-json\/wp\/v2\/pages\/13"}],"collection":[{"href":"https:\/\/psicologorubiera.es\/sexologo-psicologo-madrid\/wp-json\/wp\/v2\/pages"}],"about":[{"href":"https:\/\/psicologorubiera.es\/sexologo-psicologo-madrid\/wp-json\/wp\/v2\/types\/page"}],"author":[{"embeddable":true,"href":"https:\/\/psicologorubiera.es\/sexologo-psicologo-madrid\/wp-json\/wp\/v2\/users\/1"}],"replies":[{"embeddable":true,"href":"https:\/\/psicologorubiera.es\/sexologo-psicologo-madrid\/wp-json\/wp\/v2\/comments?post=13"}],"version-history":[{"count":0,"href":"https:\/\/psicologorubiera.es\/sexologo-psicologo-madrid\/wp-json\/wp\/v2\/pages\/13\/revisions"}],"wp:attachment":[{"href":"https:\/\/psicologorubiera.es\/sexologo-psicologo-madrid\/wp-json\/wp\/v2\/media?parent=13"}],"curies":[{"name":"wp","href":"https:\/\/api.w.org\/{rel}","templated":true}]}}