{"id":15,"date":"2019-05-03T09:09:35","date_gmt":"2019-05-03T09:09:35","guid":{"rendered":"https:\/\/psicologorubiera.es\/sexologo-psicologo-madrid\/?page_id=15"},"modified":"2019-06-03T08:41:32","modified_gmt":"2019-06-03T08:41:32","slug":"forma-de-trabajo","status":"publish","type":"page","link":"https:\/\/psicologorubiera.es\/sexologo-psicologo-madrid\/forma-de-trabajo\/","title":{"rendered":"Forma de Trabajo"},"content":{"rendered":"\t\t<div data-elementor-type=\"wp-post\" data-elementor-id=\"15\" class=\"elementor elementor-15\" data-elementor-settings=\"[]\">\n\t\t\t\t\t\t<div class=\"elementor-inner\">\n\t\t\t\t\t\t\t<div class=\"elementor-section-wrap\">\n\t\t\t\t\t\t\t<section class=\"elementor-section elementor-top-section elementor-element elementor-element-55d1555 elementor-section-boxed elementor-section-height-default elementor-section-height-default\" data-id=\"55d1555\" data-element_type=\"section\">\n\t\t\t\t\t\t<div class=\"elementor-container elementor-column-gap-default\">\n\t\t\t\t\t\t\t<div class=\"elementor-row\">\n\t\t\t\t\t<div class=\"elementor-column elementor-col-50 elementor-top-column elementor-element elementor-element-8641696\" data-id=\"8641696\" data-element_type=\"column\">\n\t\t\t<div class=\"elementor-column-wrap elementor-element-populated\">\n\t\t\t\t\t\t\t<div class=\"elementor-widget-wrap\">\n\t\t\t\t\t\t<div class=\"elementor-element elementor-element-3c1bd8f elementor-widget elementor-widget-text-editor\" data-id=\"3c1bd8f\" data-element_type=\"widget\" data-widget_type=\"text-editor.default\">\n\t\t\t\t<div class=\"elementor-widget-container\">\n\t\t\t\t\t\t\t\t<div class=\"elementor-text-editor elementor-clearfix\">\n\t\t\t\t<p><strong>Duraci\u00f3n de las sesiones y del proceso de intervenci\u00f3n:<\/strong><\/p><p>Las sesiones tendr\u00e1n una duraci\u00f3n de 60 minutos.<\/p><p>Aunque no se puede ni debe concretar el n\u00famero de sesiones suficientes para una terapia efectiva, con frecuencia se oscila entre 15 y 20 sesiones para cumplir con el objetivo propuesto, con una periodicidad semanal al principio y quincenal al ir finalizando la terapia. Una terapia suele durar entre 3 y 5 meses. Tras dar el alta continuaremos con sesiones de seguimiento, bien presencial, bien por tel\u00e9fono, para garantizar el mantenimiento del cambio.<\/p>\t\t\t\t\t<\/div>\n\t\t\t\t\t\t<\/div>\n\t\t\t\t<\/div>\n\t\t\t\t\t\t<\/div>\n\t\t\t\t\t<\/div>\n\t\t<\/div>\n\t\t\t\t<div class=\"elementor-column elementor-col-50 elementor-top-column elementor-element elementor-element-8b43ea7\" data-id=\"8b43ea7\" data-element_type=\"column\">\n\t\t\t<div class=\"elementor-column-wrap elementor-element-populated\">\n\t\t\t\t\t\t\t<div class=\"elementor-widget-wrap\">\n\t\t\t\t\t\t<div class=\"elementor-element elementor-element-8f02710 elementor-widget elementor-widget-text-editor\" data-id=\"8f02710\" data-element_type=\"widget\" data-widget_type=\"text-editor.default\">\n\t\t\t\t<div class=\"elementor-widget-container\">\n\t\t\t\t\t\t\t\t<div class=\"elementor-text-editor elementor-clearfix\">\n\t\t\t\t<p><strong>Anulaci\u00f3n de cita:<\/strong><\/p>\n<p>Para cancelar una cita se ha de avisar al menos con 24 horas de antelaci\u00f3n. El usuario indicar\u00e1 las fechas y horas disponibles para el establecimiento de la siguiente cita.<\/p>\n<p>En caso de anular una cita con menos de 24 horas de antelaci\u00f3n, se abonar\u00e1 la sesi\u00f3n completa en la siguiente cita acordada.<\/p>\t\t\t\t\t<\/div>\n\t\t\t\t\t\t<\/div>\n\t\t\t\t<\/div>\n\t\t\t\t\t\t<\/div>\n\t\t\t\t\t<\/div>\n\t\t<\/div>\n\t\t\t\t\t\t\t\t<\/div>\n\t\t\t\t\t<\/div>\n\t\t<\/section>\n\t\t\t\t\t\t<\/div>\n\t\t\t\t\t\t<\/div>\n\t\t\t\t\t<\/div>\n\t\t","protected":false},"excerpt":{"rendered":"<p>Duraci\u00f3n de las sesiones y del proceso de intervenci\u00f3n: Las sesiones tendr\u00e1n una duraci\u00f3n de 60 minutos. Aunque no se puede ni debe concretar el n\u00famero de sesiones suficientes para una terapia efectiva, con frecuencia se oscila entre 15 y 20 sesiones para cumplir con el objetivo propuesto, con una periodicidad semanal al principio y [&hellip;]<\/p>\n","protected":false},"author":1,"featured_media":0,"parent":0,"menu_order":0,"comment_status":"closed","ping_status":"closed","template":"","meta":[],"_links":{"self":[{"href":"https:\/\/psicologorubiera.es\/sexologo-psicologo-madrid\/wp-json\/wp\/v2\/pages\/15"}],"collection":[{"href":"https:\/\/psicologorubiera.es\/sexologo-psicologo-madrid\/wp-json\/wp\/v2\/pages"}],"about":[{"href":"https:\/\/psicologorubiera.es\/sexologo-psicologo-madrid\/wp-json\/wp\/v2\/types\/page"}],"author":[{"embeddable":true,"href":"https:\/\/psicologorubiera.es\/sexologo-psicologo-madrid\/wp-json\/wp\/v2\/users\/1"}],"replies":[{"embeddable":true,"href":"https:\/\/psicologorubiera.es\/sexologo-psicologo-madrid\/wp-json\/wp\/v2\/comments?post=15"}],"version-history":[{"count":0,"href":"https:\/\/psicologorubiera.es\/sexologo-psicologo-madrid\/wp-json\/wp\/v2\/pages\/15\/revisions"}],"wp:attachment":[{"href":"https:\/\/psicologorubiera.es\/sexologo-psicologo-madrid\/wp-json\/wp\/v2\/media?parent=15"}],"curies":[{"name":"wp","href":"https:\/\/api.w.org\/{rel}","templated":true}]}}