{"id":28,"date":"2019-05-03T09:17:44","date_gmt":"2019-05-03T09:17:44","guid":{"rendered":"https:\/\/psicologorubiera.es\/sexologo-psicologo-madrid\/?page_id=28"},"modified":"2019-05-09T12:59:40","modified_gmt":"2019-05-09T12:59:40","slug":"ataque-de-panico","status":"publish","type":"page","link":"https:\/\/psicologorubiera.es\/sexologo-psicologo-madrid\/servicio-psicologia\/ataque-de-panico\/","title":{"rendered":"Ataque de P\u00e1nico"},"content":{"rendered":"\t\t<div data-elementor-type=\"wp-post\" data-elementor-id=\"28\" class=\"elementor elementor-28\" data-elementor-settings=\"[]\">\n\t\t\t\t\t\t<div class=\"elementor-inner\">\n\t\t\t\t\t\t\t<div class=\"elementor-section-wrap\">\n\t\t\t\t\t\t\t<section class=\"elementor-section elementor-top-section elementor-element elementor-element-25139eba elementor-section-boxed elementor-section-height-default elementor-section-height-default\" data-id=\"25139eba\" data-element_type=\"section\">\n\t\t\t\t\t\t<div class=\"elementor-container elementor-column-gap-default\">\n\t\t\t\t\t\t\t<div class=\"elementor-row\">\n\t\t\t\t\t<div class=\"elementor-column elementor-col-100 elementor-top-column elementor-element elementor-element-3922f2b4\" data-id=\"3922f2b4\" data-element_type=\"column\">\n\t\t\t<div class=\"elementor-column-wrap elementor-element-populated\">\n\t\t\t\t\t\t\t<div class=\"elementor-widget-wrap\">\n\t\t\t\t\t\t<div class=\"elementor-element elementor-element-3cfa4abf elementor-widget elementor-widget-text-editor\" data-id=\"3cfa4abf\" data-element_type=\"widget\" data-widget_type=\"text-editor.default\">\n\t\t\t\t<div class=\"elementor-widget-container\">\n\t\t\t\t\t\t\t\t<div class=\"elementor-text-editor elementor-clearfix\">\n\t\t\t\t<!-- wp:paragraph -->\n<p>Palpitaciones, sudoraci\u00f3n, temblores, ahogo, presi\u00f3n en el pecho, mareos, miedo a perder el control\u2026 \u00bfTe suena? Te presento los s\u00edntomas t\u00edpicos de un ataque de ansiedad, que consiste en el problema cl\u00ednico de ansiedad m\u00e1s com\u00fan. Su inicio suele darse en la treintena y de manera totalmente inesperada. Dicha imprevisibilidad y su aparici\u00f3n de manera aguda son las causas por las que asusta tanto. Empezamos a dudar de nuestro cuerpo y nos hacemos vigilantes de sus cambios, no sea que nos vuelva a jugar una mala pasada. El primer ataque se suele dar tras un per\u00edodo de estr\u00e9s continuo y en una situaci\u00f3n donde el escape inmediato se hace dif\u00edcil, por ejemplo, en el metro o en el autob\u00fas.<\/p>\n<!-- \/wp:paragraph -->\t\t\t\t\t<\/div>\n\t\t\t\t\t\t<\/div>\n\t\t\t\t<\/div>\n\t\t\t\t<div class=\"elementor-element elementor-element-3ee173a elementor-widget elementor-widget-image\" data-id=\"3ee173a\" data-element_type=\"widget\" data-widget_type=\"image.default\">\n\t\t\t\t<div class=\"elementor-widget-container\">\n\t\t\t\t\t\t\t\t<div class=\"elementor-image\">\n\t\t\t\t\t\t\t\t\t\t\t\t<img decoding=\"async\" width=\"400\" height=\"267\" src=\"https:\/\/psicologorubiera.es\/sexologo-psicologo-madrid\/wp-content\/uploads\/2019\/05\/ataque-de-panico-psicologo-madrid.jpg\" class=\"attachment-full size-full\" alt=\"\" loading=\"lazy\" \/>\t\t\t\t\t\t\t\t\t\t\t\t\t\t<\/div>\n\t\t\t\t\t\t<\/div>\n\t\t\t\t<\/div>\n\t\t\t\t<div class=\"elementor-element elementor-element-55ed182 elementor-widget elementor-widget-text-editor\" data-id=\"55ed182\" data-element_type=\"widget\" data-widget_type=\"text-editor.default\">\n\t\t\t\t<div class=\"elementor-widget-container\">\n\t\t\t\t\t\t\t\t<div class=\"elementor-text-editor elementor-clearfix\">\n\t\t\t\t<!-- \/wp:paragraph --><!-- wp:paragraph -->\n<p>En algunos casos empezamos a evitar determinadas situaciones, como conducir, ir al supermercado, ver una pel\u00edcula en el cine, estar en un bar con los amigos, hacer deporte, pasar por un t\u00fanel o un puente\u2026 y, en el peor de los casos, se llega a no salir apenas de casa. A esto lo llamamos <strong>agorafobia<\/strong> y est\u00e1 \u00edntimamente relacionado con los ataques de ansiedad.<\/p>\n<!-- \/wp:paragraph -->\t\t\t\t\t<\/div>\n\t\t\t\t\t\t<\/div>\n\t\t\t\t<\/div>\n\t\t\t\t\t\t<\/div>\n\t\t\t\t\t<\/div>\n\t\t<\/div>\n\t\t\t\t\t\t\t\t<\/div>\n\t\t\t\t\t<\/div>\n\t\t<\/section>\n\t\t\t\t\t\t<\/div>\n\t\t\t\t\t\t<\/div>\n\t\t\t\t\t<\/div>\n\t\t","protected":false},"excerpt":{"rendered":"<p>Palpitaciones, sudoraci\u00f3n, temblores, ahogo, presi\u00f3n en el pecho, mareos, miedo a perder el control\u2026 \u00bfTe suena? Te presento los s\u00edntomas t\u00edpicos de un ataque de ansiedad, que consiste en el problema cl\u00ednico de ansiedad m\u00e1s com\u00fan. Su inicio suele darse en la treintena y de manera totalmente inesperada. Dicha imprevisibilidad y su aparici\u00f3n de manera [&hellip;]<\/p>\n","protected":false},"author":1,"featured_media":0,"parent":9,"menu_order":0,"comment_status":"closed","ping_status":"closed","template":"","meta":[],"_links":{"self":[{"href":"https:\/\/psicologorubiera.es\/sexologo-psicologo-madrid\/wp-json\/wp\/v2\/pages\/28"}],"collection":[{"href":"https:\/\/psicologorubiera.es\/sexologo-psicologo-madrid\/wp-json\/wp\/v2\/pages"}],"about":[{"href":"https:\/\/psicologorubiera.es\/sexologo-psicologo-madrid\/wp-json\/wp\/v2\/types\/page"}],"author":[{"embeddable":true,"href":"https:\/\/psicologorubiera.es\/sexologo-psicologo-madrid\/wp-json\/wp\/v2\/users\/1"}],"replies":[{"embeddable":true,"href":"https:\/\/psicologorubiera.es\/sexologo-psicologo-madrid\/wp-json\/wp\/v2\/comments?post=28"}],"version-history":[{"count":0,"href":"https:\/\/psicologorubiera.es\/sexologo-psicologo-madrid\/wp-json\/wp\/v2\/pages\/28\/revisions"}],"up":[{"embeddable":true,"href":"https:\/\/psicologorubiera.es\/sexologo-psicologo-madrid\/wp-json\/wp\/v2\/pages\/9"}],"wp:attachment":[{"href":"https:\/\/psicologorubiera.es\/sexologo-psicologo-madrid\/wp-json\/wp\/v2\/media?parent=28"}],"curies":[{"name":"wp","href":"https:\/\/api.w.org\/{rel}","templated":true}]}}