{"id":36,"date":"2019-05-03T09:19:22","date_gmt":"2019-05-03T09:19:22","guid":{"rendered":"https:\/\/psicologorubiera.es\/sexologo-psicologo-madrid\/?page_id=36"},"modified":"2019-05-09T13:01:17","modified_gmt":"2019-05-09T13:01:17","slug":"duelos-y-problemas-de-adaptacion","status":"publish","type":"page","link":"https:\/\/psicologorubiera.es\/sexologo-psicologo-madrid\/servicio-psicologia\/duelos-y-problemas-de-adaptacion\/","title":{"rendered":"Duelos y Problemas de Adaptaci\u00f3n"},"content":{"rendered":"\t\t<div data-elementor-type=\"wp-post\" data-elementor-id=\"36\" class=\"elementor elementor-36\" data-elementor-settings=\"[]\">\n\t\t\t\t\t\t<div class=\"elementor-inner\">\n\t\t\t\t\t\t\t<div class=\"elementor-section-wrap\">\n\t\t\t\t\t\t\t<section class=\"elementor-section elementor-top-section elementor-element elementor-element-157d7e36 elementor-section-boxed elementor-section-height-default elementor-section-height-default\" data-id=\"157d7e36\" data-element_type=\"section\">\n\t\t\t\t\t\t<div class=\"elementor-container elementor-column-gap-default\">\n\t\t\t\t\t\t\t<div class=\"elementor-row\">\n\t\t\t\t\t<div class=\"elementor-column elementor-col-100 elementor-top-column elementor-element elementor-element-13dd09a6\" data-id=\"13dd09a6\" data-element_type=\"column\">\n\t\t\t<div class=\"elementor-column-wrap elementor-element-populated\">\n\t\t\t\t\t\t\t<div class=\"elementor-widget-wrap\">\n\t\t\t\t\t\t<div class=\"elementor-element elementor-element-17a642ac elementor-widget elementor-widget-text-editor\" data-id=\"17a642ac\" data-element_type=\"widget\" data-widget_type=\"text-editor.default\">\n\t\t\t\t<div class=\"elementor-widget-container\">\n\t\t\t\t\t\t\t\t<div class=\"elementor-text-editor elementor-clearfix\">\n\t\t\t\t<!-- wp:paragraph -->\n<p>Hablamos de problemas adaptativos cuando nos referimos a aquella sintomatolog\u00eda que se da ante una situaci\u00f3n estresante y desaparece cuando dicho estr\u00e9s tambi\u00e9n lo hace. Los estresores m\u00e1s frecuentes en consulta son: sobrecarga laboral, p\u00e9rdida de un ser querido, ruptura de pareja, enfermedad \u00a0propia o atenci\u00f3n a un ser querido convaleciente. La primera reacci\u00f3n suele ser la ansiedad, para dar luego paso a la depresi\u00f3n.<\/p>\n<p>Los problemas adaptativos se distinguen por la presencia de un estresor identificable que genera una reacci\u00f3n emocional. Nuestra labor suele ser la de acompa\u00f1ar a la persona en su camino, servirle de muleta mientras que su pierna est\u00e1 dolida y hacer de ese duro proceso un verdadero aprendizaje que le acompa\u00f1e el resto de su vida.<\/p>\n<!-- \/wp:paragraph --><!-- wp:image {\"id\":79} -->\n<figure class=\"wp-block-image\"><\/figure>\n<!-- \/wp:image -->\t\t\t\t\t<\/div>\n\t\t\t\t\t\t<\/div>\n\t\t\t\t<\/div>\n\t\t\t\t<div class=\"elementor-element elementor-element-e241c91 elementor-widget elementor-widget-image\" data-id=\"e241c91\" data-element_type=\"widget\" data-widget_type=\"image.default\">\n\t\t\t\t<div class=\"elementor-widget-container\">\n\t\t\t\t\t\t\t\t<div class=\"elementor-image\">\n\t\t\t\t\t\t\t\t\t\t\t\t<img decoding=\"async\" width=\"400\" height=\"262\" src=\"https:\/\/psicologorubiera.es\/sexologo-psicologo-madrid\/wp-content\/uploads\/2019\/05\/duelo-dolor-muerte-psicologo.jpg\" class=\"attachment-large size-large\" alt=\"\" loading=\"lazy\" \/>\t\t\t\t\t\t\t\t\t\t\t\t\t\t<\/div>\n\t\t\t\t\t\t<\/div>\n\t\t\t\t<\/div>\n\t\t\t\t\t\t<\/div>\n\t\t\t\t\t<\/div>\n\t\t<\/div>\n\t\t\t\t\t\t\t\t<\/div>\n\t\t\t\t\t<\/div>\n\t\t<\/section>\n\t\t\t\t\t\t<\/div>\n\t\t\t\t\t\t<\/div>\n\t\t\t\t\t<\/div>\n\t\t","protected":false},"excerpt":{"rendered":"<p>Hablamos de problemas adaptativos cuando nos referimos a aquella sintomatolog\u00eda que se da ante una situaci\u00f3n estresante y desaparece cuando dicho estr\u00e9s tambi\u00e9n lo hace. Los estresores m\u00e1s frecuentes en consulta son: sobrecarga laboral, p\u00e9rdida de un ser querido, ruptura de pareja, enfermedad \u00a0propia o atenci\u00f3n a un ser querido convaleciente. La primera reacci\u00f3n suele [&hellip;]<\/p>\n","protected":false},"author":1,"featured_media":0,"parent":9,"menu_order":0,"comment_status":"closed","ping_status":"closed","template":"","meta":[],"_links":{"self":[{"href":"https:\/\/psicologorubiera.es\/sexologo-psicologo-madrid\/wp-json\/wp\/v2\/pages\/36"}],"collection":[{"href":"https:\/\/psicologorubiera.es\/sexologo-psicologo-madrid\/wp-json\/wp\/v2\/pages"}],"about":[{"href":"https:\/\/psicologorubiera.es\/sexologo-psicologo-madrid\/wp-json\/wp\/v2\/types\/page"}],"author":[{"embeddable":true,"href":"https:\/\/psicologorubiera.es\/sexologo-psicologo-madrid\/wp-json\/wp\/v2\/users\/1"}],"replies":[{"embeddable":true,"href":"https:\/\/psicologorubiera.es\/sexologo-psicologo-madrid\/wp-json\/wp\/v2\/comments?post=36"}],"version-history":[{"count":0,"href":"https:\/\/psicologorubiera.es\/sexologo-psicologo-madrid\/wp-json\/wp\/v2\/pages\/36\/revisions"}],"up":[{"embeddable":true,"href":"https:\/\/psicologorubiera.es\/sexologo-psicologo-madrid\/wp-json\/wp\/v2\/pages\/9"}],"wp:attachment":[{"href":"https:\/\/psicologorubiera.es\/sexologo-psicologo-madrid\/wp-json\/wp\/v2\/media?parent=36"}],"curies":[{"name":"wp","href":"https:\/\/api.w.org\/{rel}","templated":true}]}}