{"id":44,"date":"2019-05-03T09:20:48","date_gmt":"2019-05-03T09:20:48","guid":{"rendered":"https:\/\/psicologorubiera.es\/sexologo-psicologo-madrid\/?page_id=44"},"modified":"2019-05-09T13:01:48","modified_gmt":"2019-05-09T13:01:48","slug":"estres-postraumatico","status":"publish","type":"page","link":"https:\/\/psicologorubiera.es\/sexologo-psicologo-madrid\/servicio-psicologia\/estres-postraumatico\/","title":{"rendered":"Estr\u00e9s Postraum\u00e1tico"},"content":{"rendered":"\t\t<div data-elementor-type=\"wp-post\" data-elementor-id=\"44\" class=\"elementor elementor-44\" data-elementor-settings=\"[]\">\n\t\t\t\t\t\t<div class=\"elementor-inner\">\n\t\t\t\t\t\t\t<div class=\"elementor-section-wrap\">\n\t\t\t\t\t\t\t<section class=\"elementor-section elementor-top-section elementor-element elementor-element-3fe68bfb elementor-section-boxed elementor-section-height-default elementor-section-height-default\" data-id=\"3fe68bfb\" data-element_type=\"section\">\n\t\t\t\t\t\t<div class=\"elementor-container elementor-column-gap-default\">\n\t\t\t\t\t\t\t<div class=\"elementor-row\">\n\t\t\t\t\t<div class=\"elementor-column elementor-col-100 elementor-top-column elementor-element elementor-element-1e02adae\" data-id=\"1e02adae\" data-element_type=\"column\">\n\t\t\t<div class=\"elementor-column-wrap elementor-element-populated\">\n\t\t\t\t\t\t\t<div class=\"elementor-widget-wrap\">\n\t\t\t\t\t\t<div class=\"elementor-element elementor-element-3faeeea5 elementor-widget elementor-widget-text-editor\" data-id=\"3faeeea5\" data-element_type=\"widget\" data-widget_type=\"text-editor.default\">\n\t\t\t\t<div class=\"elementor-widget-container\">\n\t\t\t\t\t\t\t\t<div class=\"elementor-text-editor elementor-clearfix\">\n\t\t\t\t<p>La persona se ha enfrentado a una situaci\u00f3n traum\u00e1tica donde ha estado en peligro su vida o ha habido posibilidad de lesi\u00f3n grave, como por ejemplo en casos de violencia, enfermedad o cat\u00e1strofe. Tras haber vivido el trauma, la persona empieza a experimentar una sintomatolog\u00eda diversa como la evitaci\u00f3n de situaciones relacionadas con el trauma, alteraciones de pensamiento, cambios en el estado de \u00e1nimo, estado de alerta excesiva y reexperimentaci\u00f3n del trauma en forma de pesadillas o <em>flashbacks<\/em>.<\/p>\t\t\t\t\t<\/div>\n\t\t\t\t\t\t<\/div>\n\t\t\t\t<\/div>\n\t\t\t\t<div class=\"elementor-element elementor-element-b433da5 elementor-widget elementor-widget-image\" data-id=\"b433da5\" data-element_type=\"widget\" data-widget_type=\"image.default\">\n\t\t\t\t<div class=\"elementor-widget-container\">\n\t\t\t\t\t\t\t\t<div class=\"elementor-image\">\n\t\t\t\t\t\t\t\t\t\t\t\t<img decoding=\"async\" width=\"400\" height=\"266\" src=\"https:\/\/psicologorubiera.es\/sexologo-psicologo-madrid\/wp-content\/uploads\/2019\/05\/estres-postraumatico-psicologo-madrid.jpg\" class=\"attachment-full size-full\" alt=\"\" loading=\"lazy\" \/>\t\t\t\t\t\t\t\t\t\t\t\t\t\t<\/div>\n\t\t\t\t\t\t<\/div>\n\t\t\t\t<\/div>\n\t\t\t\t<div class=\"elementor-element elementor-element-86376b6 elementor-widget elementor-widget-text-editor\" data-id=\"86376b6\" data-element_type=\"widget\" data-widget_type=\"text-editor.default\">\n\t\t\t\t<div class=\"elementor-widget-container\">\n\t\t\t\t\t\t\t\t<div class=\"elementor-text-editor elementor-clearfix\">\n\t\t\t\t<p>Si esto te ha ocurrido, sabr\u00e1s que a menudo quedan grabados en la memoria la imagen original, los sonidos, los pensamientos, las sensaciones del cuerpo y las emociones. El recuerdo inesperado del trauma sin procesar genera estr\u00e9s a lo largo del tiempo. Para poner soluci\u00f3n usamos la <strong>t\u00e9cnica EMDR<\/strong>, avalada cient\u00edficamente en estos casos, que nos ayuda a procesar la experiencia a trav\u00e9s de un sistema natural del cerebro. En todo momento eres t\u00fa quien va a tener el control del proceso, ya que ser\u00e1 el cerebro el que est\u00e9 realizando la cura a trav\u00e9s de la estimulaci\u00f3n bilateral.<\/p>\t\t\t\t\t<\/div>\n\t\t\t\t\t\t<\/div>\n\t\t\t\t<\/div>\n\t\t\t\t\t\t<\/div>\n\t\t\t\t\t<\/div>\n\t\t<\/div>\n\t\t\t\t\t\t\t\t<\/div>\n\t\t\t\t\t<\/div>\n\t\t<\/section>\n\t\t\t\t\t\t<\/div>\n\t\t\t\t\t\t<\/div>\n\t\t\t\t\t<\/div>\n\t\t","protected":false},"excerpt":{"rendered":"<p>La persona se ha enfrentado a una situaci\u00f3n traum\u00e1tica donde ha estado en peligro su vida o ha habido posibilidad de lesi\u00f3n grave, como por ejemplo en casos de violencia, enfermedad o cat\u00e1strofe. Tras haber vivido el trauma, la persona empieza a experimentar una sintomatolog\u00eda diversa como la evitaci\u00f3n de situaciones relacionadas con el trauma, [&hellip;]<\/p>\n","protected":false},"author":1,"featured_media":0,"parent":9,"menu_order":0,"comment_status":"closed","ping_status":"closed","template":"","meta":[],"_links":{"self":[{"href":"https:\/\/psicologorubiera.es\/sexologo-psicologo-madrid\/wp-json\/wp\/v2\/pages\/44"}],"collection":[{"href":"https:\/\/psicologorubiera.es\/sexologo-psicologo-madrid\/wp-json\/wp\/v2\/pages"}],"about":[{"href":"https:\/\/psicologorubiera.es\/sexologo-psicologo-madrid\/wp-json\/wp\/v2\/types\/page"}],"author":[{"embeddable":true,"href":"https:\/\/psicologorubiera.es\/sexologo-psicologo-madrid\/wp-json\/wp\/v2\/users\/1"}],"replies":[{"embeddable":true,"href":"https:\/\/psicologorubiera.es\/sexologo-psicologo-madrid\/wp-json\/wp\/v2\/comments?post=44"}],"version-history":[{"count":0,"href":"https:\/\/psicologorubiera.es\/sexologo-psicologo-madrid\/wp-json\/wp\/v2\/pages\/44\/revisions"}],"up":[{"embeddable":true,"href":"https:\/\/psicologorubiera.es\/sexologo-psicologo-madrid\/wp-json\/wp\/v2\/pages\/9"}],"wp:attachment":[{"href":"https:\/\/psicologorubiera.es\/sexologo-psicologo-madrid\/wp-json\/wp\/v2\/media?parent=44"}],"curies":[{"name":"wp","href":"https:\/\/api.w.org\/{rel}","templated":true}]}}