{"id":7,"date":"2019-05-03T09:08:11","date_gmt":"2019-05-03T09:08:11","guid":{"rendered":"https:\/\/psicologorubiera.es\/sexologo-psicologo-madrid\/?page_id=7"},"modified":"2022-05-06T07:27:08","modified_gmt":"2022-05-06T07:27:08","slug":"sobre-mi","status":"publish","type":"page","link":"https:\/\/psicologorubiera.es\/sexologo-psicologo-madrid\/sobre-mi\/","title":{"rendered":"Sobre m\u00ed"},"content":{"rendered":"\t\t<div data-elementor-type=\"wp-post\" data-elementor-id=\"7\" class=\"elementor elementor-7\" data-elementor-settings=\"[]\">\n\t\t\t\t\t\t<div class=\"elementor-inner\">\n\t\t\t\t\t\t\t<div class=\"elementor-section-wrap\">\n\t\t\t\t\t\t\t<section class=\"elementor-section elementor-top-section elementor-element elementor-element-f3d8d0f elementor-section-boxed elementor-section-height-default elementor-section-height-default\" data-id=\"f3d8d0f\" data-element_type=\"section\">\n\t\t\t\t\t\t<div class=\"elementor-container elementor-column-gap-default\">\n\t\t\t\t\t\t\t<div class=\"elementor-row\">\n\t\t\t\t\t<div class=\"elementor-column elementor-col-66 elementor-top-column elementor-element elementor-element-605962d\" data-id=\"605962d\" data-element_type=\"column\">\n\t\t\t<div class=\"elementor-column-wrap elementor-element-populated\">\n\t\t\t\t\t\t\t<div class=\"elementor-widget-wrap\">\n\t\t\t\t\t\t<div class=\"elementor-element elementor-element-88484d4 elementor-widget elementor-widget-text-editor\" data-id=\"88484d4\" data-element_type=\"widget\" data-widget_type=\"text-editor.default\">\n\t\t\t\t<div class=\"elementor-widget-container\">\n\t\t\t\t\t\t\t\t<div class=\"elementor-text-editor elementor-clearfix\">\n\t\t\t\t<p>Curs\u00e9 mi <strong>Licenciatura en Psicolog\u00eda<\/strong> en la Universidad Aut\u00f3noma de Madrid con la especialidad de Psicolog\u00eda Cl\u00ednica, que me avala con el t\u00edtulo de <strong>Psic\u00f3logo Sanitario<\/strong> y me otorga las competencias para intervenir sobre diferentes problemas psicol\u00f3gicos.<\/p>\n<p><!-- \/wp:paragraph --><!-- wp:paragraph --><\/p>\n<p>Tras la Licenciatura, me colegi\u00e9 en el <strong>Colegio de Psic\u00f3logos de Madrid<\/strong> y estudi\u00e9 el Curso Experto en <strong>Terapia de Pareja<\/strong>, donde adquir\u00ed las competencias para intervenir en las dificultades comunes en una relaci\u00f3n de pareja.<\/p>\n<p><!-- \/wp:paragraph --><!-- wp:paragraph --><\/p>\n<p>Para profundizar en esta \u00e1rea estudi\u00e9 dos Posgrados. El primero de ellos fue el <strong>M\u00e1ster en Resoluci\u00f3n de Conflictos<\/strong>, que me dio las competencias necesarias para intervenir en contextos familiares, educativos y, m\u00e1s espec\u00edficamente, en conflictos de relaci\u00f3n de pareja.<\/p>\n<p><!-- \/wp:paragraph --><!-- wp:paragraph --><\/p>\n<p>El segundo M\u00e1ster fue el de <strong>Ciencias Sexol\u00f3gicas<\/strong> con Efigenio Amez\u00faa, profesor y doctor en Sexolog\u00eda, desde el Instituto de Ciencias Sexol\u00f3gicas de Madrid en la Universidad de Alcal\u00e1 de Henares. Este posgrado me permiti\u00f3 adentrarme en el Hecho Sexual Humano. Desde entonces mi investigaci\u00f3n y mi trabajo con los sexos y sus diversas formas de relacionarse han sido constantes.<\/p>\n<p><!-- \/wp:paragraph --><!-- wp:paragraph --><\/p>\n<p>Por \u00faltimo, estudi\u00e9 el curso experto en <strong>Terapia EMDR<\/strong>, que consiste en la desensibilizaci\u00f3n y el reprocesamiento a trav\u00e9s de movimientos oculares, avalada cient\u00edficamente para la intervenci\u00f3n del trauma en casos de Trastorno de Estr\u00e9s Postraum\u00e1tico.<\/p>\n<p><!-- \/wp:paragraph --><!-- wp:paragraph --><\/p>\n<p>Tras mi experiencia cl\u00ednica en consulta privada, puedo decir que la intervenci\u00f3n directa en consulta se ha convertido en una gran pasi\u00f3n junto a la formaci\u00f3n continua, ya que me permite compaginar el descubrimiento del comportamiento humano con mi labor de ayuda a los dem\u00e1s en su b\u00fasqueda del bienestar.<\/p>\t\t\t\t\t<\/div>\n\t\t\t\t\t\t<\/div>\n\t\t\t\t<\/div>\n\t\t\t\t\t\t<\/div>\n\t\t\t\t\t<\/div>\n\t\t<\/div>\n\t\t\t\t<div class=\"elementor-column elementor-col-33 elementor-top-column elementor-element elementor-element-bde72a6\" data-id=\"bde72a6\" data-element_type=\"column\">\n\t\t\t<div class=\"elementor-column-wrap elementor-element-populated\">\n\t\t\t\t\t\t\t<div class=\"elementor-widget-wrap\">\n\t\t\t\t\t\t<div class=\"elementor-element elementor-element-fc0618c elementor-widget elementor-widget-image\" data-id=\"fc0618c\" data-element_type=\"widget\" data-widget_type=\"image.default\">\n\t\t\t\t<div class=\"elementor-widget-container\">\n\t\t\t\t\t\t\t\t<div class=\"elementor-image\">\n\t\t\t\t\t\t\t\t\t\t\t\t<img decoding=\"async\" width=\"400\" height=\"600\" src=\"https:\/\/psicologorubiera.es\/sexologo-psicologo-madrid\/wp-content\/uploads\/2022\/05\/psicologo-rubiera.jpg\" class=\"attachment-full size-full\" alt=\"\" loading=\"lazy\" \/>\t\t\t\t\t\t\t\t\t\t\t\t\t\t<\/div>\n\t\t\t\t\t\t<\/div>\n\t\t\t\t<\/div>\n\t\t\t\t<div class=\"elementor-element elementor-element-01054ce elementor-widget elementor-widget-image\" data-id=\"01054ce\" data-element_type=\"widget\" data-widget_type=\"image.default\">\n\t\t\t\t<div class=\"elementor-widget-container\">\n\t\t\t\t\t\t\t\t<div class=\"elementor-image\">\n\t\t\t\t\t\t\t\t\t\t\t\t<img decoding=\"async\" width=\"1059\" height=\"256\" src=\"https:\/\/psicologorubiera.es\/sexologo-psicologo-madrid\/wp-content\/uploads\/2020\/07\/LOGO-DEL-COP-ACTUALIZADO.png\" class=\"attachment-full size-full\" alt=\"COLEGIACI\u00d3N\" loading=\"lazy\" srcset=\"https:\/\/psicologorubiera.es\/sexologo-psicologo-madrid\/wp-content\/uploads\/2020\/07\/LOGO-DEL-COP-ACTUALIZADO.png 1059w, https:\/\/psicologorubiera.es\/sexologo-psicologo-madrid\/wp-content\/uploads\/2020\/07\/LOGO-DEL-COP-ACTUALIZADO-768x186.png 768w, https:\/\/psicologorubiera.es\/sexologo-psicologo-madrid\/wp-content\/uploads\/2020\/07\/LOGO-DEL-COP-ACTUALIZADO-615x149.png 615w\" sizes=\"(max-width: 1059px) 100vw, 1059px\" \/>\t\t\t\t\t\t\t\t\t\t\t\t\t\t<\/div>\n\t\t\t\t\t\t<\/div>\n\t\t\t\t<\/div>\n\t\t\t\t\t\t<\/div>\n\t\t\t\t\t<\/div>\n\t\t<\/div>\n\t\t\t\t\t\t\t\t<\/div>\n\t\t\t\t\t<\/div>\n\t\t<\/section>\n\t\t\t\t\t\t<\/div>\n\t\t\t\t\t\t<\/div>\n\t\t\t\t\t<\/div>\n\t\t","protected":false},"excerpt":{"rendered":"<p>Curs\u00e9 mi Licenciatura en Psicolog\u00eda en la Universidad Aut\u00f3noma de Madrid con la especialidad de Psicolog\u00eda Cl\u00ednica, que me avala con el t\u00edtulo de Psic\u00f3logo Sanitario y me otorga las competencias para intervenir sobre diferentes problemas psicol\u00f3gicos. Tras la Licenciatura, me colegi\u00e9 en el Colegio de Psic\u00f3logos de Madrid y estudi\u00e9 el Curso Experto en [&hellip;]<\/p>\n","protected":false},"author":1,"featured_media":0,"parent":0,"menu_order":0,"comment_status":"closed","ping_status":"closed","template":"","meta":[],"_links":{"self":[{"href":"https:\/\/psicologorubiera.es\/sexologo-psicologo-madrid\/wp-json\/wp\/v2\/pages\/7"}],"collection":[{"href":"https:\/\/psicologorubiera.es\/sexologo-psicologo-madrid\/wp-json\/wp\/v2\/pages"}],"about":[{"href":"https:\/\/psicologorubiera.es\/sexologo-psicologo-madrid\/wp-json\/wp\/v2\/types\/page"}],"author":[{"embeddable":true,"href":"https:\/\/psicologorubiera.es\/sexologo-psicologo-madrid\/wp-json\/wp\/v2\/users\/1"}],"replies":[{"embeddable":true,"href":"https:\/\/psicologorubiera.es\/sexologo-psicologo-madrid\/wp-json\/wp\/v2\/comments?post=7"}],"version-history":[{"count":7,"href":"https:\/\/psicologorubiera.es\/sexologo-psicologo-madrid\/wp-json\/wp\/v2\/pages\/7\/revisions"}],"predecessor-version":[{"id":715,"href":"https:\/\/psicologorubiera.es\/sexologo-psicologo-madrid\/wp-json\/wp\/v2\/pages\/7\/revisions\/715"}],"wp:attachment":[{"href":"https:\/\/psicologorubiera.es\/sexologo-psicologo-madrid\/wp-json\/wp\/v2\/media?parent=7"}],"curies":[{"name":"wp","href":"https:\/\/api.w.org\/{rel}","templated":true}]}}