{"id":71,"date":"2019-05-03T11:37:57","date_gmt":"2019-05-03T11:37:57","guid":{"rendered":"https:\/\/psicologorubiera.es\/sexologo-psicologo-madrid\/?page_id=71"},"modified":"2020-07-21T17:59:03","modified_gmt":"2020-07-21T17:59:03","slug":"opiniones","status":"publish","type":"page","link":"https:\/\/psicologorubiera.es\/sexologo-psicologo-madrid\/opiniones\/","title":{"rendered":"Opiniones"},"content":{"rendered":"\t\t<div data-elementor-type=\"wp-post\" data-elementor-id=\"71\" class=\"elementor elementor-71\" data-elementor-settings=\"[]\">\n\t\t\t\t\t\t<div class=\"elementor-inner\">\n\t\t\t\t\t\t\t<div class=\"elementor-section-wrap\">\n\t\t\t\t\t\t\t<section class=\"elementor-section elementor-top-section elementor-element elementor-element-4fbfd4b elementor-section-boxed elementor-section-height-default elementor-section-height-default\" data-id=\"4fbfd4b\" data-element_type=\"section\">\n\t\t\t\t\t\t<div class=\"elementor-container elementor-column-gap-default\">\n\t\t\t\t\t\t\t<div class=\"elementor-row\">\n\t\t\t\t\t<div class=\"elementor-column elementor-col-50 elementor-top-column elementor-element elementor-element-b1d5d58\" data-id=\"b1d5d58\" data-element_type=\"column\" data-settings=\"{&quot;background_background&quot;:&quot;classic&quot;}\">\n\t\t\t<div class=\"elementor-column-wrap elementor-element-populated\">\n\t\t\t\t\t\t\t<div class=\"elementor-widget-wrap\">\n\t\t\t\t\t\t<div class=\"elementor-element elementor-element-d2e3dc9 elementor-widget elementor-widget-testimonial\" data-id=\"d2e3dc9\" data-element_type=\"widget\" data-widget_type=\"testimonial.default\">\n\t\t\t\t<div class=\"elementor-widget-container\">\n\t\t\t\t\t<div class=\"elementor-testimonial-wrapper\">\n\t\t\t\t\t\t\t<div class=\"elementor-testimonial-content\">Buenas tardes \u00c1lvaro,\nQuer\u00eda reflejar mi opini\u00f3n de la persona que ha sido mi psic\u00f3logo en estos dos \u00faltimos a\u00f1os, y que a parte de ser una persona muy cercana, me ha ayudado mucho y me ha dado herramientas en cada momento poder ayudarme y seguir adelante.<br\/><br\/>\nEs un buen profesional, siempre lo he dicho, soy una persona que llevo 25 a\u00f1os dando tumbos con muchos profesionales y s\u00f3lo he dado con dos que realmente tengo un buen recuerdo y una buena ayuda, y uno de ellos ha sido \u00c1lvaro.<br\/><br\/>\nTotalmente recomendable.<\/div>\n\t\t\t\n\t\t\t\t\t\t<div class=\"elementor-testimonial-meta\">\n\t\t\t\t<div class=\"elementor-testimonial-meta-inner\">\n\t\t\t\t\t\n\t\t\t\t\t\t\t\t\t\t<div class=\"elementor-testimonial-details\">\n\t\t\t\t\t\t\t\t\t\t\t\t\t\t<div class=\"elementor-testimonial-name\">Lourdes<\/div>\n\t\t\t\t\t\t\t\t\t\t\t\t\t\t\t\t\t\t\t<\/div>\n\t\t\t\t\t\t\t\t\t<\/div>\n\t\t\t<\/div>\n\t\t\t\t\t<\/div>\n\t\t\t\t<\/div>\n\t\t\t\t<\/div>\n\t\t\t\t<div class=\"elementor-element elementor-element-743200e elementor-widget elementor-widget-testimonial\" data-id=\"743200e\" data-element_type=\"widget\" data-widget_type=\"testimonial.default\">\n\t\t\t\t<div class=\"elementor-widget-container\">\n\t\t\t\t\t<div class=\"elementor-testimonial-wrapper\">\n\t\t\t\t\t\t\t<div class=\"elementor-testimonial-content\">No te puedes imaginar c\u00f3mo te agradecemos toda tu ayuda. Nos hemos sentido muy apoyados en un momento muy duro para nosotros y sobre todo has hecho recuperar la confianza en la relaci\u00f3n y que nos lancemos al futuro con seguridad.\n<br\/><br\/>\nUna vez m\u00e1s un mill\u00f3n de GRACIASSSSSS <\/div>\n\t\t\t\n\t\t\t\t\t\t<div class=\"elementor-testimonial-meta\">\n\t\t\t\t<div class=\"elementor-testimonial-meta-inner\">\n\t\t\t\t\t\n\t\t\t\t\t\t\t\t\t\t<div class=\"elementor-testimonial-details\">\n\t\t\t\t\t\t\t\t\t\t\t\t\t\t<div class=\"elementor-testimonial-name\">Blanca y Pablo<\/div>\n\t\t\t\t\t\t\t\t\t\t\t\t\t\t\t\t\t\t\t<\/div>\n\t\t\t\t\t\t\t\t\t<\/div>\n\t\t\t<\/div>\n\t\t\t\t\t<\/div>\n\t\t\t\t<\/div>\n\t\t\t\t<\/div>\n\t\t\t\t<div class=\"elementor-element elementor-element-67e6341 elementor-widget elementor-widget-testimonial\" data-id=\"67e6341\" data-element_type=\"widget\" data-widget_type=\"testimonial.default\">\n\t\t\t\t<div class=\"elementor-widget-container\">\n\t\t\t\t\t<div class=\"elementor-testimonial-wrapper\">\n\t\t\t\t\t\t\t<div class=\"elementor-testimonial-content\">Consigue hacer que te sientas c\u00f3modo, as\u00ed como llegar a conclusiones que ayudan a gestionar situaciones y emociones. Propone t\u00e1cticas y planes muy \u00fatiles para evitar crisis. En resumen, muy buen profesional.<\/div>\n\t\t\t\n\t\t\t\t\t\t<div class=\"elementor-testimonial-meta\">\n\t\t\t\t<div class=\"elementor-testimonial-meta-inner\">\n\t\t\t\t\t\n\t\t\t\t\t\t\t\t\t\t<div class=\"elementor-testimonial-details\">\n\t\t\t\t\t\t\t\t\t\t\t\t\t\t<div class=\"elementor-testimonial-name\">\u00c1lvaro<\/div>\n\t\t\t\t\t\t\t\t\t\t\t\t\t\t\t\t\t\t\t<\/div>\n\t\t\t\t\t\t\t\t\t<\/div>\n\t\t\t<\/div>\n\t\t\t\t\t<\/div>\n\t\t\t\t<\/div>\n\t\t\t\t<\/div>\n\t\t\t\t<div class=\"elementor-element elementor-element-5113e7b elementor-widget elementor-widget-testimonial\" data-id=\"5113e7b\" data-element_type=\"widget\" data-widget_type=\"testimonial.default\">\n\t\t\t\t<div class=\"elementor-widget-container\">\n\t\t\t\t\t<div class=\"elementor-testimonial-wrapper\">\n\t\t\t\t\t\t\t<div class=\"elementor-testimonial-content\">Llevo casi toda mi vida buscando a un especialista con el que sentirme bien. Todos damos vueltas buscando. Muchos de nosotros no lo encontramos nunca. \u00c1lvaro supo adaptarse a mi y no yo a \u00e9l que creo que es lo m\u00e1s importante en estos casos. Ya casi hab\u00eda tirado la toalla pero \u00e9l me hizo no hacerlo. \u00c9l me hizo ser mejor persona y se lo agradecer\u00e9 siempre. Me hizo entender muchas cosas y lo hizo mand\u00e1ndome canciones. Supo que as\u00ed llegaba m\u00e1s a mi. Ansiedad puffff eso que es lo que es? . Gracias \u00c1lvaro<\/div>\n\t\t\t\n\t\t\t\t\t\t<div class=\"elementor-testimonial-meta\">\n\t\t\t\t<div class=\"elementor-testimonial-meta-inner\">\n\t\t\t\t\t\n\t\t\t\t\t\t\t\t\t\t<div class=\"elementor-testimonial-details\">\n\t\t\t\t\t\t\t\t\t\t\t\t\t\t<div class=\"elementor-testimonial-name\">Mar<\/div>\n\t\t\t\t\t\t\t\t\t\t\t\t\t\t\t\t\t\t\t<\/div>\n\t\t\t\t\t\t\t\t\t<\/div>\n\t\t\t<\/div>\n\t\t\t\t\t<\/div>\n\t\t\t\t<\/div>\n\t\t\t\t<\/div>\n\t\t\t\t<div class=\"elementor-element elementor-element-d538c0a elementor-widget elementor-widget-testimonial\" data-id=\"d538c0a\" data-element_type=\"widget\" data-widget_type=\"testimonial.default\">\n\t\t\t\t<div class=\"elementor-widget-container\">\n\t\t\t\t\t<div class=\"elementor-testimonial-wrapper\">\n\t\t\t\t\t\t\t<div class=\"elementor-testimonial-content\">\u00c1lvaro pura implicaci\u00f3n...a valorar su gran capacidad anal\u00edtica para dar con el origen de lo que te ocurre y siempre desde la sinceridad...gracias por ayudarme a dar esos pasos tan de gigante que tanto me han costado.\nY esas lecciones de psicolog\u00eda que tu explicas de forma tan sencilla para entender el por qu\u00e9 de nuestras reacciones...\nEres grande...un abrazo fuerte.<\/div>\n\t\t\t\n\t\t\t\t\t\t<div class=\"elementor-testimonial-meta\">\n\t\t\t\t<div class=\"elementor-testimonial-meta-inner\">\n\t\t\t\t\t\n\t\t\t\t\t\t\t\t\t\t<div class=\"elementor-testimonial-details\">\n\t\t\t\t\t\t\t\t\t\t\t\t\t\t<div class=\"elementor-testimonial-name\">Yovana<\/div>\n\t\t\t\t\t\t\t\t\t\t\t\t\t\t\t\t\t\t\t<\/div>\n\t\t\t\t\t\t\t\t\t<\/div>\n\t\t\t<\/div>\n\t\t\t\t\t<\/div>\n\t\t\t\t<\/div>\n\t\t\t\t<\/div>\n\t\t\t\t\t\t<\/div>\n\t\t\t\t\t<\/div>\n\t\t<\/div>\n\t\t\t\t<div class=\"elementor-column elementor-col-50 elementor-top-column elementor-element elementor-element-429cd0f\" data-id=\"429cd0f\" data-element_type=\"column\">\n\t\t\t<div class=\"elementor-column-wrap elementor-element-populated\">\n\t\t\t\t\t\t\t<div class=\"elementor-widget-wrap\">\n\t\t\t\t\t\t<div class=\"elementor-element elementor-element-5c4578b elementor-widget elementor-widget-testimonial\" data-id=\"5c4578b\" data-element_type=\"widget\" data-widget_type=\"testimonial.default\">\n\t\t\t\t<div class=\"elementor-widget-container\">\n\t\t\t\t\t<div class=\"elementor-testimonial-wrapper\">\n\t\t\t\t\t\t\t<div class=\"elementor-testimonial-content\">Me est\u00e1 ayudando mucho a solucionar mis problemas. Mucha empat\u00eda y cercan\u00eda a trav\u00e9s de terapia on line. Me da todas la explicaciones que necesito saber. Las consultas por internet me ayudan mucho porque ahora mismo las visitas me vendr\u00edan muy mal, no solamente por el COVID-19, sino tambi\u00e9n por el tiempo utilizado para ello. Para m\u00ed es un gran profesional.<\/div>\n\t\t\t\n\t\t\t\t\t\t<div class=\"elementor-testimonial-meta\">\n\t\t\t\t<div class=\"elementor-testimonial-meta-inner\">\n\t\t\t\t\t\n\t\t\t\t\t\t\t\t\t\t<div class=\"elementor-testimonial-details\">\n\t\t\t\t\t\t\t\t\t\t\t\t\t\t<div class=\"elementor-testimonial-name\">Mar\u00eda Jos\u00e9<\/div>\n\t\t\t\t\t\t\t\t\t\t\t\t\t\t\t\t\t\t\t<\/div>\n\t\t\t\t\t\t\t\t\t<\/div>\n\t\t\t<\/div>\n\t\t\t\t\t<\/div>\n\t\t\t\t<\/div>\n\t\t\t\t<\/div>\n\t\t\t\t<div class=\"elementor-element elementor-element-df86942 elementor-widget elementor-widget-testimonial\" data-id=\"df86942\" data-element_type=\"widget\" data-widget_type=\"testimonial.default\">\n\t\t\t\t<div class=\"elementor-widget-container\">\n\t\t\t\t\t<div class=\"elementor-testimonial-wrapper\">\n\t\t\t\t\t\t\t<div class=\"elementor-testimonial-content\">Sin \u00e1nimo de menospreciar a nadie, \u00c1lvaro ha sido el primer psic\u00f3logo que, despu\u00e9s de dos intentos infructuosos con otros dos terapeutas a lo largo de 10 a\u00f1os, ha dado con la tecla para solucionar problemas que me persegu\u00edan desde mi adolescencia. \u00c9l junto con mi pareja me han ayudado bastante a aceptarme tal y como soy, ya que era justamente ah\u00ed donde parec\u00eda que estaban las causas de mis problemas aunque a m\u00ed no me resultara tan evidente. Cu\u00eddate, \u00c1lvaro<\/div>\n\t\t\t\n\t\t\t\t\t\t<div class=\"elementor-testimonial-meta\">\n\t\t\t\t<div class=\"elementor-testimonial-meta-inner\">\n\t\t\t\t\t\n\t\t\t\t\t\t\t\t\t\t<div class=\"elementor-testimonial-details\">\n\t\t\t\t\t\t\t\t\t\t\t\t\t\t<div class=\"elementor-testimonial-name\">David<\/div>\n\t\t\t\t\t\t\t\t\t\t\t\t\t\t\t\t\t\t\t<\/div>\n\t\t\t\t\t\t\t\t\t<\/div>\n\t\t\t<\/div>\n\t\t\t\t\t<\/div>\n\t\t\t\t<\/div>\n\t\t\t\t<\/div>\n\t\t\t\t<div class=\"elementor-element elementor-element-b581359 elementor-widget elementor-widget-testimonial\" data-id=\"b581359\" data-element_type=\"widget\" data-widget_type=\"testimonial.default\">\n\t\t\t\t<div class=\"elementor-widget-container\">\n\t\t\t\t\t<div class=\"elementor-testimonial-wrapper\">\n\t\t\t\t\t\t\t<div class=\"elementor-testimonial-content\">Para m\u00ed ha sido muy importante la comunicacion fluida con mi psic\u00f3logo \u00c1lvaro. Tiene un gran carisma para esta profesi\u00f3n y eso lo transmite con mucha delicadeza, cari\u00f1o y entendiendo muy bien al paciente. Mi experiencia ha sido muy grata y he salido muy fortalecida gracias a que me ha hecho ver y vivir las cosas de otra manera. Gracias por todo. <\/div>\n\t\t\t\n\t\t\t\t\t\t<div class=\"elementor-testimonial-meta\">\n\t\t\t\t<div class=\"elementor-testimonial-meta-inner\">\n\t\t\t\t\t\n\t\t\t\t\t\t\t\t\t\t<div class=\"elementor-testimonial-details\">\n\t\t\t\t\t\t\t\t\t\t\t\t\t\t<div class=\"elementor-testimonial-name\">M. \u00c1ngeles<\/div>\n\t\t\t\t\t\t\t\t\t\t\t\t\t\t\t\t\t\t\t<\/div>\n\t\t\t\t\t\t\t\t\t<\/div>\n\t\t\t<\/div>\n\t\t\t\t\t<\/div>\n\t\t\t\t<\/div>\n\t\t\t\t<\/div>\n\t\t\t\t<div class=\"elementor-element elementor-element-c665731 elementor-widget elementor-widget-testimonial\" data-id=\"c665731\" data-element_type=\"widget\" data-widget_type=\"testimonial.default\">\n\t\t\t\t<div class=\"elementor-widget-container\">\n\t\t\t\t\t<div class=\"elementor-testimonial-wrapper\">\n\t\t\t\t\t\t\t<div class=\"elementor-testimonial-content\">Desde el primer momento \u00c1lvaro se centra en ti manteniendo un ambiente de cercan\u00eda y naturalidad que hace que la conversaci\u00f3n sea totalmente fluida. Mientras, va desgranando tus problemas y preocupaciones a la vez que aconseja y da pautas que funcionan realmente bien para superarlos. Experiencia absolutamente positiva.<\/div>\n\t\t\t\n\t\t\t\t\t\t<div class=\"elementor-testimonial-meta\">\n\t\t\t\t<div class=\"elementor-testimonial-meta-inner\">\n\t\t\t\t\t\n\t\t\t\t\t\t\t\t\t\t<div class=\"elementor-testimonial-details\">\n\t\t\t\t\t\t\t\t\t\t\t\t\t\t<div class=\"elementor-testimonial-name\">David<\/div>\n\t\t\t\t\t\t\t\t\t\t\t\t\t\t\t\t\t\t\t<\/div>\n\t\t\t\t\t\t\t\t\t<\/div>\n\t\t\t<\/div>\n\t\t\t\t\t<\/div>\n\t\t\t\t<\/div>\n\t\t\t\t<\/div>\n\t\t\t\t<div class=\"elementor-element elementor-element-a452b41 elementor-widget elementor-widget-testimonial\" data-id=\"a452b41\" data-element_type=\"widget\" data-widget_type=\"testimonial.default\">\n\t\t\t\t<div class=\"elementor-widget-container\">\n\t\t\t\t\t<div class=\"elementor-testimonial-wrapper\">\n\t\t\t\t\t\t\t<div class=\"elementor-testimonial-content\">Llevo unos d\u00edas pensando hacer llegar mi agradecimiento a \u00c1lvaro psic\u00f3logo del centro y creo que deb\u00ed hacerlo antes. En fin,Mi vida, aunque sea ya mayor,ha tenido un antes y un despu\u00e9s desde que conoc\u00ed a alvaro,m\u00e1s haya de que solucionase mi problema o no, \u00c9l ha disipado toda mi desconfianza hacia los psic\u00f3logos con tan solo ver su entrega,su respeto,su amabilidad y sobre todo su implicaci\u00f3n en el trabajo y en solucionar mi problema. Eternamente agradecido a \u00c1lvaro, ojal\u00e1 alg\u00fan d\u00eda pueda devolverle algo del bien que hizo a mi persona ...<\/div>\n\t\t\t\n\t\t\t\t\t\t<div class=\"elementor-testimonial-meta\">\n\t\t\t\t<div class=\"elementor-testimonial-meta-inner\">\n\t\t\t\t\t\n\t\t\t\t\t\t\t\t\t\t<div class=\"elementor-testimonial-details\">\n\t\t\t\t\t\t\t\t\t\t\t\t\t\t<div class=\"elementor-testimonial-name\">Javier F.<\/div>\n\t\t\t\t\t\t\t\t\t\t\t\t\t\t\t\t\t\t\t<\/div>\n\t\t\t\t\t\t\t\t\t<\/div>\n\t\t\t<\/div>\n\t\t\t\t\t<\/div>\n\t\t\t\t<\/div>\n\t\t\t\t<\/div>\n\t\t\t\t\t\t<\/div>\n\t\t\t\t\t<\/div>\n\t\t<\/div>\n\t\t\t\t\t\t\t\t<\/div>\n\t\t\t\t\t<\/div>\n\t\t<\/section>\n\t\t\t\t<section class=\"elementor-section elementor-top-section elementor-element elementor-element-01606ff elementor-section-boxed elementor-section-height-default elementor-section-height-default\" data-id=\"01606ff\" data-element_type=\"section\">\n\t\t\t\t\t\t<div class=\"elementor-container elementor-column-gap-default\">\n\t\t\t\t\t\t\t<div class=\"elementor-row\">\n\t\t\t\t\t<div class=\"elementor-column elementor-col-50 elementor-top-column elementor-element elementor-element-63ed01f\" data-id=\"63ed01f\" data-element_type=\"column\">\n\t\t\t<div class=\"elementor-column-wrap\">\n\t\t\t\t\t\t\t<div class=\"elementor-widget-wrap\">\n\t\t\t\t\t\t\t\t<\/div>\n\t\t\t\t\t<\/div>\n\t\t<\/div>\n\t\t\t\t<div class=\"elementor-column elementor-col-50 elementor-top-column elementor-element elementor-element-9d32c32\" data-id=\"9d32c32\" data-element_type=\"column\">\n\t\t\t<div class=\"elementor-column-wrap\">\n\t\t\t\t\t\t\t<div class=\"elementor-widget-wrap\">\n\t\t\t\t\t\t\t\t<\/div>\n\t\t\t\t\t<\/div>\n\t\t<\/div>\n\t\t\t\t\t\t\t\t<\/div>\n\t\t\t\t\t<\/div>\n\t\t<\/section>\n\t\t\t\t\t\t<\/div>\n\t\t\t\t\t\t<\/div>\n\t\t\t\t\t<\/div>\n\t\t","protected":false},"excerpt":{"rendered":"<p>Buenas tardes \u00c1lvaro, Quer\u00eda reflejar mi opini\u00f3n de la persona que ha sido mi psic\u00f3logo en estos dos \u00faltimos a\u00f1os, y que a parte de ser una persona muy cercana, me ha ayudado mucho y me ha dado herramientas en cada momento poder ayudarme y seguir adelante. Es un buen profesional, siempre lo he dicho, [&hellip;]<\/p>\n","protected":false},"author":1,"featured_media":0,"parent":0,"menu_order":0,"comment_status":"closed","ping_status":"closed","template":"","meta":[],"_links":{"self":[{"href":"https:\/\/psicologorubiera.es\/sexologo-psicologo-madrid\/wp-json\/wp\/v2\/pages\/71"}],"collection":[{"href":"https:\/\/psicologorubiera.es\/sexologo-psicologo-madrid\/wp-json\/wp\/v2\/pages"}],"about":[{"href":"https:\/\/psicologorubiera.es\/sexologo-psicologo-madrid\/wp-json\/wp\/v2\/types\/page"}],"author":[{"embeddable":true,"href":"https:\/\/psicologorubiera.es\/sexologo-psicologo-madrid\/wp-json\/wp\/v2\/users\/1"}],"replies":[{"embeddable":true,"href":"https:\/\/psicologorubiera.es\/sexologo-psicologo-madrid\/wp-json\/wp\/v2\/comments?post=71"}],"version-history":[{"count":33,"href":"https:\/\/psicologorubiera.es\/sexologo-psicologo-madrid\/wp-json\/wp\/v2\/pages\/71\/revisions"}],"predecessor-version":[{"id":708,"href":"https:\/\/psicologorubiera.es\/sexologo-psicologo-madrid\/wp-json\/wp\/v2\/pages\/71\/revisions\/708"}],"wp:attachment":[{"href":"https:\/\/psicologorubiera.es\/sexologo-psicologo-madrid\/wp-json\/wp\/v2\/media?parent=71"}],"curies":[{"name":"wp","href":"https:\/\/api.w.org\/{rel}","templated":true}]}}